{"id":86,"date":"2020-01-13T13:17:29","date_gmt":"2020-01-13T13:17:29","guid":{"rendered":"https:\/\/apartamentosturisticoseljardin.es\/?page_id=86"},"modified":"2020-02-10T11:09:21","modified_gmt":"2020-02-10T11:09:21","slug":"politica-de-privacidad","status":"publish","type":"page","link":"https:\/\/apartamentosturisticoseljardin.es\/index.php\/politica-de-privacidad\/","title":{"rendered":"Pol\u00edtica de Privacidad"},"content":{"rendered":"\t\t<div data-elementor-type=\"wp-page\" data-elementor-id=\"86\" class=\"elementor elementor-86\" data-elementor-settings=\"[]\">\n\t\t\t\t\t\t<div class=\"elementor-inner\">\n\t\t\t\t\t\t\t<div class=\"elementor-section-wrap\">\n\t\t\t\t\t\t\t<section class=\"elementor-section elementor-top-section elementor-element elementor-element-c9349e5 elementor-section-full_width elementor-section-height-min-height elementor-section-items-top elementor-section-height-default\" data-id=\"c9349e5\" data-element_type=\"section\" data-settings=\"{&quot;background_background&quot;:&quot;slideshow&quot;,&quot;background_slideshow_gallery&quot;:[{&quot;id&quot;:25,&quot;url&quot;:&quot;https:\\\/\\\/apartamentosturisticoseljardin.es\\\/wp-content\\\/uploads\\\/2020\\\/01\\\/32368401320_f8c4d5706c_o-2.jpg&quot;},{&quot;id&quot;:27,&quot;url&quot;:&quot;https:\\\/\\\/apartamentosturisticoseljardin.es\\\/wp-content\\\/uploads\\\/2020\\\/01\\\/Plaza_del_Torico_Teruel.jpg&quot;},{&quot;id&quot;:28,&quot;url&quot;:&quot;https:\\\/\\\/apartamentosturisticoseljardin.es\\\/wp-content\\\/uploads\\\/2020\\\/01\\\/Los_amantes_de_Teruel._Aniceto_Marinas.jpg&quot;}],&quot;background_slideshow_loop&quot;:&quot;yes&quot;,&quot;background_slideshow_slide_duration&quot;:5000,&quot;background_slideshow_slide_transition&quot;:&quot;fade&quot;,&quot;background_slideshow_transition_duration&quot;:500}\">\n\t\t\t\t\t\t<div class=\"elementor-container elementor-column-gap-no\">\n\t\t\t\t\t\t\t<div class=\"elementor-row\">\n\t\t\t\t\t<div class=\"elementor-column elementor-col-100 elementor-top-column elementor-element elementor-element-9d6a058\" data-id=\"9d6a058\" data-element_type=\"column\">\n\t\t\t<div class=\"elementor-column-wrap elementor-element-populated\">\n\t\t\t\t\t\t\t<div class=\"elementor-widget-wrap\">\n\t\t\t\t\t\t<section class=\"elementor-section elementor-inner-section elementor-element elementor-element-68ab007 elementor-section-full_width elementor-section-content-top elementor-section-height-default elementor-section-height-default\" data-id=\"68ab007\" data-element_type=\"section\">\n\t\t\t\t\t\t<div class=\"elementor-container elementor-column-gap-default\">\n\t\t\t\t\t\t\t<div class=\"elementor-row\">\n\t\t\t\t\t<div class=\"elementor-column elementor-col-33 elementor-inner-column elementor-element elementor-element-4730f56\" data-id=\"4730f56\" data-element_type=\"column\" data-settings=\"{&quot;background_background&quot;:&quot;classic&quot;}\">\n\t\t\t<div class=\"elementor-column-wrap elementor-element-populated\">\n\t\t\t\t\t\t\t<div class=\"elementor-widget-wrap\">\n\t\t\t\t\t\t<div class=\"elementor-element elementor-element-feb7f7a elementor-widget elementor-widget-theme-site-logo elementor-widget-image\" data-id=\"feb7f7a\" data-element_type=\"widget\" data-widget_type=\"theme-site-logo.default\">\n\t\t\t\t<div class=\"elementor-widget-container\">\n\t\t\t\t\t<div class=\"elementor-image\">\n\t\t\t\t\t\t\t\t\t\t\t<a href=\"https:\/\/apartamentosturisticoseljardin.es\">\n\t\t\t\t\t\t\t<img width=\"1080\" height=\"740\" src=\"https:\/\/apartamentosturisticoseljardin.es\/wp-content\/uploads\/2020\/01\/cropped-Logocon-fondo.png\" class=\"attachment-full size-full\" alt=\"\" loading=\"lazy\" srcset=\"https:\/\/apartamentosturisticoseljardin.es\/wp-content\/uploads\/2020\/01\/cropped-Logocon-fondo.png 1080w, https:\/\/apartamentosturisticoseljardin.es\/wp-content\/uploads\/2020\/01\/cropped-Logocon-fondo-300x206.png 300w, https:\/\/apartamentosturisticoseljardin.es\/wp-content\/uploads\/2020\/01\/cropped-Logocon-fondo-1024x702.png 1024w, https:\/\/apartamentosturisticoseljardin.es\/wp-content\/uploads\/2020\/01\/cropped-Logocon-fondo-768x526.png 768w\" sizes=\"(max-width: 1080px) 100vw, 1080px\" \/>\t\t\t\t\t\t\t\t<\/a>\n\t\t\t\t\t\t\t\t\t\t\t<\/div>\n\t\t\t\t<\/div>\n\t\t\t\t<\/div>\n\t\t\t\t\t\t<\/div>\n\t\t\t\t\t<\/div>\n\t\t<\/div>\n\t\t\t\t<div class=\"elementor-column elementor-col-66 elementor-inner-column elementor-element elementor-element-2ab6b12\" data-id=\"2ab6b12\" data-element_type=\"column\" data-settings=\"{&quot;background_background&quot;:&quot;classic&quot;}\">\n\t\t\t<div class=\"elementor-column-wrap elementor-element-populated\">\n\t\t\t\t\t\t\t<div class=\"elementor-widget-wrap\">\n\t\t\t\t\t\t<div class=\"elementor-element elementor-element-7ebf635 elementor-widget elementor-widget-spacer\" data-id=\"7ebf635\" data-element_type=\"widget\" data-widget_type=\"spacer.default\">\n\t\t\t\t<div class=\"elementor-widget-container\">\n\t\t\t\t\t<div class=\"elementor-spacer\">\n\t\t\t<div class=\"elementor-spacer-inner\"><\/div>\n\t\t<\/div>\n\t\t\t\t<\/div>\n\t\t\t\t<\/div>\n\t\t\t\t\t\t<\/div>\n\t\t\t\t\t<\/div>\n\t\t<\/div>\n\t\t\t\t\t\t\t\t<\/div>\n\t\t\t\t\t<\/div>\n\t\t<\/section>\n\t\t\t\t<section class=\"elementor-section elementor-inner-section elementor-element elementor-element-3fbeaed elementor-section-height-min-height elementor-section-boxed elementor-section-height-default\" data-id=\"3fbeaed\" data-element_type=\"section\">\n\t\t\t\t\t\t<div class=\"elementor-container elementor-column-gap-default\">\n\t\t\t\t\t\t\t<div class=\"elementor-row\">\n\t\t\t\t\t<div class=\"elementor-column elementor-col-100 elementor-inner-column elementor-element elementor-element-39be22f\" data-id=\"39be22f\" data-element_type=\"column\">\n\t\t\t<div class=\"elementor-column-wrap elementor-element-populated\">\n\t\t\t\t\t\t\t<div class=\"elementor-widget-wrap\">\n\t\t\t\t\t\t<div class=\"elementor-element elementor-element-1b85583 elementor-widget elementor-widget-heading\" data-id=\"1b85583\" data-element_type=\"widget\" data-widget_type=\"heading.default\">\n\t\t\t\t<div class=\"elementor-widget-container\">\n\t\t\t<h1 class=\"elementor-heading-title elementor-size-default\">Pol\u00edtica de privacidad<\/h1>\t\t<\/div>\n\t\t\t\t<\/div>\n\t\t\t\t\t\t<\/div>\n\t\t\t\t\t<\/div>\n\t\t<\/div>\n\t\t\t\t\t\t\t\t<\/div>\n\t\t\t\t\t<\/div>\n\t\t<\/section>\n\t\t\t\t\t\t<\/div>\n\t\t\t\t\t<\/div>\n\t\t<\/div>\n\t\t\t\t\t\t\t\t<\/div>\n\t\t\t\t\t<\/div>\n\t\t<\/section>\n\t\t\t\t<section class=\"elementor-section elementor-top-section elementor-element elementor-element-272ef70 elementor-section-height-min-height elementor-section-boxed elementor-section-height-default elementor-section-items-middle\" data-id=\"272ef70\" data-element_type=\"section\" data-settings=\"{&quot;background_background&quot;:&quot;classic&quot;}\">\n\t\t\t\t\t\t<div class=\"elementor-container elementor-column-gap-default\">\n\t\t\t\t\t\t\t<div class=\"elementor-row\">\n\t\t\t\t\t<div class=\"elementor-column elementor-col-100 elementor-top-column elementor-element elementor-element-50dd5ce\" data-id=\"50dd5ce\" data-element_type=\"column\">\n\t\t\t<div class=\"elementor-column-wrap elementor-element-populated\">\n\t\t\t\t\t\t\t<div class=\"elementor-widget-wrap\">\n\t\t\t\t\t\t<div class=\"elementor-element elementor-element-1e540c5 elementor-widget elementor-widget-text-editor\" data-id=\"1e540c5\" data-element_type=\"widget\" data-widget_type=\"text-editor.default\">\n\t\t\t\t<div class=\"elementor-widget-container\">\n\t\t\t\t\t<div class=\"elementor-text-editor elementor-clearfix\"><p><b>Rofeja CB<\/b>informa a los usuarios del sitio web sobre su pol\u00edtica respecto del tratamiento y protecci\u00f3n de los datos de car\u00e1cter personal de los usuarios, que puedan ser recabados por la navegaci\u00f3n a trav\u00e9s de este sitio web. En este sentido, <strong>Rofeja CB<\/strong> garantiza el cumplimiento de la normativa vigente en materia de protecci\u00f3n de datos personales, reflejada en el Reglamento General de Protecci\u00f3n de Datos (RGPD) (UE) 2016\/679 y en la Ley Org\u00e1nica 3\/2018, de 5 de diciembre, de Protecci\u00f3n de Datos Personales y garant\u00eda de los derechos digitales.<\/p><\/div>\n\t\t\t\t<\/div>\n\t\t\t\t<\/div>\n\t\t\t\t<div class=\"elementor-element elementor-element-29b1d8b elementor-widget elementor-widget-heading\" data-id=\"29b1d8b\" data-element_type=\"widget\" data-widget_type=\"heading.default\">\n\t\t\t\t<div class=\"elementor-widget-container\">\n\t\t\t<h2 class=\"elementor-heading-title elementor-size-default\">\u00bfQui\u00e9n es el responsable del tratamiento de datos personales?<\/h2>\t\t<\/div>\n\t\t\t\t<\/div>\n\t\t\t\t<div class=\"elementor-element elementor-element-b321b59 elementor-widget elementor-widget-text-editor\" data-id=\"b321b59\" data-element_type=\"widget\" data-widget_type=\"text-editor.default\">\n\t\t\t\t<div class=\"elementor-widget-container\">\n\t\t\t\t\t<div class=\"elementor-text-editor elementor-clearfix\"><p><strong>Titular del portal<\/strong>: Rofeja CB<\/p><p><strong>Direcci\u00f3n<\/strong>: Calle Tirso de Molina 9, 1F (44003) Teruel, Espa\u00f1a.<\/p><p><strong>C.I. F.<\/strong>: E44227155<\/p><p><strong>Contacto<\/strong>: romapeso@gmail.com<\/p><p>Todos los derechos reservados.<\/p><\/div>\n\t\t\t\t<\/div>\n\t\t\t\t<\/div>\n\t\t\t\t<div class=\"elementor-element elementor-element-9e5a800 elementor-widget elementor-widget-heading\" data-id=\"9e5a800\" data-element_type=\"widget\" data-widget_type=\"heading.default\">\n\t\t\t\t<div class=\"elementor-widget-container\">\n\t\t\t<h2 class=\"elementor-heading-title elementor-size-default\">\u00bfC\u00f3mo puede contactar con la Delegada de Protecci\u00f3n de Datos de Rofeja CB?<\/h2>\t\t<\/div>\n\t\t\t\t<\/div>\n\t\t\t\t<div class=\"elementor-element elementor-element-d7805ff elementor-widget elementor-widget-text-editor\" data-id=\"d7805ff\" data-element_type=\"widget\" data-widget_type=\"text-editor.default\">\n\t\t\t\t<div class=\"elementor-widget-container\">\n\t\t\t\t\t<div class=\"elementor-text-editor elementor-clearfix\"><p>La figura del Delegado de Protecci\u00f3n de Datos se encarga del asesoramiento y supervisi\u00f3n del cumplimiento de la normativa de en materia de Protecci\u00f3n de Datos por parte de <strong>EURO FONTANILLA<\/strong>, as\u00ed como de la cooperaci\u00f3n con la autoridad de control, en el caso de que hubiera cualquier reclamaci\u00f3n.<\/p><p>Para contactar con nuestra Delegada de Protecci\u00f3n de Datos puede:<\/p><ul><li>enviar un email a la direcci\u00f3n de correo electr\u00f3nico romapeso@gmail.com<\/li><\/ul><\/div>\n\t\t\t\t<\/div>\n\t\t\t\t<\/div>\n\t\t\t\t<div class=\"elementor-element elementor-element-e0eba55 elementor-widget elementor-widget-heading\" data-id=\"e0eba55\" data-element_type=\"widget\" data-widget_type=\"heading.default\">\n\t\t\t\t<div class=\"elementor-widget-container\">\n\t\t\t<h2 class=\"elementor-heading-title elementor-size-default\">\u00bfCon que finalidad se tratan sus datos personales?<\/h2>\t\t<\/div>\n\t\t\t\t<\/div>\n\t\t\t\t<div class=\"elementor-element elementor-element-fe94fd9 elementor-widget elementor-widget-text-editor\" data-id=\"fe94fd9\" data-element_type=\"widget\" data-widget_type=\"text-editor.default\">\n\t\t\t\t<div class=\"elementor-widget-container\">\n\t\t\t\t\t<div class=\"elementor-text-editor elementor-clearfix\"><p><strong>Rofeja CB<\/strong> trata la informaci\u00f3n que usted facilita en este sitio web con el fin de informarle; as\u00ed como para responder a las cuestiones y comentarios que usted formule por medio de nuestro formulario de contacto.<\/p><p>Los datos personales proporcionados se conservar\u00e1n \u00fanicamente durante el tiempo necesario para la efectiva contestaci\u00f3n de la solicitud de informaci\u00f3n o consulta enviada por usted, o por el tiempo necesario para cumplir con cualquier sugerencia realizada.<\/p><\/div>\n\t\t\t\t<\/div>\n\t\t\t\t<\/div>\n\t\t\t\t<div class=\"elementor-element elementor-element-725cbad elementor-widget elementor-widget-heading\" data-id=\"725cbad\" data-element_type=\"widget\" data-widget_type=\"heading.default\">\n\t\t\t\t<div class=\"elementor-widget-container\">\n\t\t\t<h2 class=\"elementor-heading-title elementor-size-default\">\u00bfC\u00f3mo se han obtenido sus datos personales?<\/h2>\t\t<\/div>\n\t\t\t\t<\/div>\n\t\t\t\t<div class=\"elementor-element elementor-element-0d2b2b0 elementor-widget elementor-widget-text-editor\" data-id=\"0d2b2b0\" data-element_type=\"widget\" data-widget_type=\"text-editor.default\">\n\t\t\t\t<div class=\"elementor-widget-container\">\n\t\t\t\t\t<div class=\"elementor-text-editor elementor-clearfix\"><p>Los datos personales que se tratan por parte de <strong>Rofeja CB<\/strong>, como consecuencia de la utilizaci\u00f3n de este sitio web, proceden del propio usuario, pues son facilitados por el mismo en el momento en el que formula cualquier comentario en nuestro formulario de contacto.<\/p><p>Las categor\u00edas de datos que obligatoriamente se solicitan para ponerse en contacto con el responsable son:<\/p><ul><li>datos de car\u00e1cter identificativo: nombre, email y tel\u00e9fono.<\/li><\/ul><p>No obstante, al contar con un formulario de contacto que habilita el env\u00edo de cualquier tipo de opini\u00f3n, solicitud de informaci\u00f3n o consulta, el interesado puede incluir en su mensaje otras categor\u00edas de datos personales.<\/p><\/div>\n\t\t\t\t<\/div>\n\t\t\t\t<\/div>\n\t\t\t\t<div class=\"elementor-element elementor-element-09d594e elementor-widget elementor-widget-heading\" data-id=\"09d594e\" data-element_type=\"widget\" data-widget_type=\"heading.default\">\n\t\t\t\t<div class=\"elementor-widget-container\">\n\t\t\t<h2 class=\"elementor-heading-title elementor-size-default\">\u00bfCu\u00e1l es la legitimaci\u00f3n para utilizar sus datos?<\/h2>\t\t<\/div>\n\t\t\t\t<\/div>\n\t\t\t\t<div class=\"elementor-element elementor-element-a997bb5 elementor-widget elementor-widget-text-editor\" data-id=\"a997bb5\" data-element_type=\"widget\" data-widget_type=\"text-editor.default\">\n\t\t\t\t<div class=\"elementor-widget-container\">\n\t\t\t\t\t<div class=\"elementor-text-editor elementor-clearfix\"><p>La base legal para el tratamiento de datos es el consentimiento expresamente prestado por el interesado en el momento en el que acepta la pol\u00edtica de privacidad, de manera previa al env\u00edo de sus datos personales en el formulario de contacto.<\/p><\/div>\n\t\t\t\t<\/div>\n\t\t\t\t<\/div>\n\t\t\t\t<div class=\"elementor-element elementor-element-71919ba elementor-widget elementor-widget-heading\" data-id=\"71919ba\" data-element_type=\"widget\" data-widget_type=\"heading.default\">\n\t\t\t\t<div class=\"elementor-widget-container\">\n\t\t\t<h2 class=\"elementor-heading-title elementor-size-default\">\u00bfA qu\u00e9 destinatarios se comunicar\u00e1n los datos?<\/h2>\t\t<\/div>\n\t\t\t\t<\/div>\n\t\t\t\t<div class=\"elementor-element elementor-element-bcd5e4c elementor-widget elementor-widget-text-editor\" data-id=\"bcd5e4c\" data-element_type=\"widget\" data-widget_type=\"text-editor.default\">\n\t\t\t\t<div class=\"elementor-widget-container\">\n\t\t\t\t\t<div class=\"elementor-text-editor elementor-clearfix\"><p>No se prev\u00e9n cesiones de datos a otros entes, y por tanto, tampoco se prev\u00e9 la realizaci\u00f3n de transferencias internaciones de datos.<\/p><\/div>\n\t\t\t\t<\/div>\n\t\t\t\t<\/div>\n\t\t\t\t<div class=\"elementor-element elementor-element-8df53fe elementor-widget elementor-widget-heading\" data-id=\"8df53fe\" data-element_type=\"widget\" data-widget_type=\"heading.default\">\n\t\t\t\t<div class=\"elementor-widget-container\">\n\t\t\t<h2 class=\"elementor-heading-title elementor-size-default\">\u00bfCu\u00e1les son sus derechos cuando facilita su consentimiento y c\u00f3mo puede ejercerlos?<\/h2>\t\t<\/div>\n\t\t\t\t<\/div>\n\t\t\t\t<div class=\"elementor-element elementor-element-b09a519 elementor-widget elementor-widget-text-editor\" data-id=\"b09a519\" data-element_type=\"widget\" data-widget_type=\"text-editor.default\">\n\t\t\t\t<div class=\"elementor-widget-container\">\n\t\t\t\t\t<div class=\"elementor-text-editor elementor-clearfix\"><p>Cualquier persona tiene derecho a obtener confirmaci\u00f3n sobre si en <strong>Rofeja CB<\/strong>, se est\u00e1n tratando sus datos personales.<\/p><p>Las personas interesadas tienen derecho a:<\/p><ul><li>Solicitar el acceso a los datos personales relativos al interesado<\/li><li>Solicitar su rectificaci\u00f3n o supresi\u00f3n<\/li><li>Solicitar la limitaci\u00f3n de su tratamiento<\/li><li>Oponerse al tratamiento<\/li><li>Solicitar la portabilidad de los datos<\/li><\/ul><p>Los interesados podr\u00e1n acceder a sus datos personales, as\u00ed como a solicitar la rectificaci\u00f3n de los datos inexactos o, en su caso, solicitar su supresi\u00f3n cuando, entre otros motivos, los datos ya no sean necesarios para los fines que fueron recogidos.<\/p><p>En determinadas circunstancias, los interesados podr\u00e1n solicitar la limitaci\u00f3n del tratamiento de sus datos, en cuyo caso \u00fanicamente se conservar\u00e1n para el ejercicio o la defensa de reclamaciones.<\/p><p>De igual manera, podr\u00e1n solicitar la portabilidad de sus datos en un formato estructurado, de uso com\u00fan y de lectura mec\u00e1nica, en los casos en los que habilite la normativa.<\/p><p>Tambi\u00e9n, por motivos relacionados con su situaci\u00f3n particular y cumplimiento los requisitos exigidos por la normativa, los interesados podr\u00e1n oponerse al tratamiento de sus datos. <strong>Rofeja CB<\/strong> dejar\u00e1 de tratar los datos, salvo por motivos leg\u00edtimos imperiosos, o el ejercicio o la defensa de posibles reclamaciones.<\/p><p>Para el ejercicio de estos derechos, el usuario deber\u00e1 dirigirse ante <strong>Rofeja CB<\/strong>, en Residencial Para\u00edso, 9 &#8211; Local, Zaragoza. Dicha solicitud deber\u00e1 se\u00f1alar la causa de ejercicio del derecho, as\u00ed como acompa\u00f1arla de una copia de su documento acreditativo de entidad. Esta solicitud podr\u00e1 realizarse mediante escrito en formato papel o por medios electr\u00f3nicos.<\/p><\/div>\n\t\t\t\t<\/div>\n\t\t\t\t<\/div>\n\t\t\t\t<div class=\"elementor-element elementor-element-b6fcc18 elementor-widget elementor-widget-heading\" data-id=\"b6fcc18\" data-element_type=\"widget\" data-widget_type=\"heading.default\">\n\t\t\t\t<div class=\"elementor-widget-container\">\n\t\t\t<h2 class=\"elementor-heading-title elementor-size-default\">\u00bfPuede presentar una reclamaci\u00f3n ante la AEPD?<\/h2>\t\t<\/div>\n\t\t\t\t<\/div>\n\t\t\t\t<div class=\"elementor-element elementor-element-5326d3e elementor-widget elementor-widget-text-editor\" data-id=\"5326d3e\" data-element_type=\"widget\" data-widget_type=\"text-editor.default\">\n\t\t\t\t<div class=\"elementor-widget-container\">\n\t\t\t\t\t<div class=\"elementor-text-editor elementor-clearfix\"><p>Los interesados tambi\u00e9n tendr\u00e1n derecho a la tutela judicial efectiva y a presentar una reclamaci\u00f3n ante la autoridad de control, en este caso, la Agencia Espa\u00f1ola de Protecci\u00f3n de Datos, si consideran que el tratamiento de datos personales que le conciernen infringe el Reglamento. Podr\u00e1n reclamar mediante escrito dirigido a la Agencia Espa\u00f1ola de Protecci\u00f3n de Datos, C\/Jorge Juan n\u00ba 6, 28001 Madrid o bien accediendo a su sede electr\u00f3nica.<\/p><\/div>\n\t\t\t\t<\/div>\n\t\t\t\t<\/div>\n\t\t\t\t\t\t<\/div>\n\t\t\t\t\t<\/div>\n\t\t<\/div>\n\t\t\t\t\t\t\t\t<\/div>\n\t\t\t\t\t<\/div>\n\t\t<\/section>\n\t\t\t\t<section class=\"elementor-section elementor-top-section elementor-element elementor-element-e398a74 elementor-section-boxed elementor-section-height-default elementor-section-height-default\" data-id=\"e398a74\" data-element_type=\"section\" data-settings=\"{&quot;background_background&quot;:&quot;classic&quot;}\">\n\t\t\t\t\t\t<div class=\"elementor-container elementor-column-gap-default\">\n\t\t\t\t\t\t\t<div class=\"elementor-row\">\n\t\t\t\t\t<div class=\"elementor-column elementor-col-100 elementor-top-column elementor-element elementor-element-5c18795\" data-id=\"5c18795\" data-element_type=\"column\">\n\t\t\t<div class=\"elementor-column-wrap elementor-element-populated\">\n\t\t\t\t\t\t\t<div class=\"elementor-widget-wrap\">\n\t\t\t\t\t\t<div class=\"elementor-element elementor-element-5eb2d71 elementor-widget elementor-widget-text-editor\" data-id=\"5eb2d71\" data-element_type=\"widget\" data-widget_type=\"text-editor.default\">\n\t\t\t\t<div class=\"elementor-widget-container\">\n\t\t\t\t\t<div class=\"elementor-text-editor elementor-clearfix\"><p data-ga-id=\"property\">Aviso Legal I Pol\u00edtica de Privacidad I Pol\u00edtica de Cookies<\/p><p data-ga-id=\"property\">Apartamentos Tur\u00edsticos el Jard\u00edn \u00a9 2020. P\u00e1gina web desarrollada por El \u00c1tico de las Ideas<\/p><\/div>\n\t\t\t\t<\/div>\n\t\t\t\t<\/div>\n\t\t\t\t\t\t<\/div>\n\t\t\t\t\t<\/div>\n\t\t<\/div>\n\t\t\t\t\t\t\t\t<\/div>\n\t\t\t\t\t<\/div>\n\t\t<\/section>\n\t\t\t\t\t\t<\/div>\n\t\t\t\t\t\t<\/div>\n\t\t\t\t\t<\/div>\n\t\t","protected":false},"excerpt":{"rendered":"<p>Pol\u00edtica de privacidad Rofeja CBinforma a los usuarios del sitio web sobre su pol\u00edtica respecto del tratamiento y protecci\u00f3n de los datos de car\u00e1cter personal de los usuarios, que puedan ser recabados por la navegaci\u00f3n a trav\u00e9s de este sitio web. En este sentido, Rofeja CB garantiza el cumplimiento de la normativa vigente en materia &#8230; <a title=\"Pol\u00edtica de Privacidad\" class=\"read-more\" href=\"https:\/\/apartamentosturisticoseljardin.es\/index.php\/politica-de-privacidad\/\" aria-label=\"M\u00e1s en Pol\u00edtica de Privacidad\">Leer m\u00e1s<\/a><\/p>\n","protected":false},"author":1,"featured_media":0,"parent":0,"menu_order":0,"comment_status":"closed","ping_status":"closed","template":"elementor_canvas","meta":[],"yoast_head":"<!-- This site is optimized with the Yoast SEO plugin v15.4 - https:\/\/yoast.com\/wordpress\/plugins\/seo\/ -->\n<title>Pol\u00edtica de Privacidad | Apartamentos El Jard\u00edn<\/title>\n<meta name=\"description\" content=\"Informamos a los usuarios del sitio web sobre su pol\u00edtica de privacidad respecto del tratamiento y protecci\u00f3n de los datos de los usuarios.\" \/>\n<meta name=\"robots\" content=\"index, follow, max-snippet:-1, max-image-preview:large, max-video-preview:-1\" \/>\n<link rel=\"canonical\" href=\"https:\/\/apartamentosturisticoseljardin.es\/index.php\/politica-de-privacidad\/\" \/>\n<meta property=\"og:locale\" content=\"es_ES\" \/>\n<meta property=\"og:type\" content=\"article\" \/>\n<meta property=\"og:title\" content=\"Pol\u00edtica de Privacidad | Apartamentos El Jard\u00edn\" \/>\n<meta property=\"og:description\" content=\"Informamos a los usuarios del sitio web sobre su pol\u00edtica de privacidad respecto del tratamiento y protecci\u00f3n de los datos de los usuarios.\" \/>\n<meta property=\"og:url\" content=\"https:\/\/apartamentosturisticoseljardin.es\/index.php\/politica-de-privacidad\/\" \/>\n<meta property=\"og:site_name\" content=\"Apartamentos El Jard\u00edn\" \/>\n<meta property=\"article:modified_time\" content=\"2020-02-10T11:09:21+00:00\" \/>\n<meta name=\"twitter:card\" content=\"summary_large_image\" \/>\n<meta name=\"twitter:label1\" content=\"Escrito por\">\n\t<meta name=\"twitter:data1\" content=\"admin\">\n\t<meta name=\"twitter:label2\" content=\"Tiempo de lectura\">\n\t<meta name=\"twitter:data2\" content=\"4 minutos\">\n<script type=\"application\/ld+json\" class=\"yoast-schema-graph\">{\"@context\":\"https:\/\/schema.org\",\"@graph\":[{\"@type\":\"Organization\",\"@id\":\"https:\/\/apartamentosturisticoseljardin.es\/#organization\",\"name\":\"Apartamentos Tur\\u00edsticos El Jard\\u00edn\",\"url\":\"https:\/\/apartamentosturisticoseljardin.es\/\",\"sameAs\":[],\"logo\":{\"@type\":\"ImageObject\",\"@id\":\"https:\/\/apartamentosturisticoseljardin.es\/#logo\",\"inLanguage\":\"es\",\"url\":\"https:\/\/apartamentosturisticoseljardin.es\/wp-content\/uploads\/2020\/01\/400dpilogocropped.png\",\"width\":281,\"height\":180,\"caption\":\"Apartamentos Tur\\u00edsticos El Jard\\u00edn\"},\"image\":{\"@id\":\"https:\/\/apartamentosturisticoseljardin.es\/#logo\"}},{\"@type\":\"WebSite\",\"@id\":\"https:\/\/apartamentosturisticoseljardin.es\/#website\",\"url\":\"https:\/\/apartamentosturisticoseljardin.es\/\",\"name\":\"Apartamentos El Jard\\u00edn\",\"description\":\"Just another WordPress site\",\"publisher\":{\"@id\":\"https:\/\/apartamentosturisticoseljardin.es\/#organization\"},\"potentialAction\":[{\"@type\":\"SearchAction\",\"target\":\"https:\/\/apartamentosturisticoseljardin.es\/?s={search_term_string}\",\"query-input\":\"required name=search_term_string\"}],\"inLanguage\":\"es\"},{\"@type\":\"WebPage\",\"@id\":\"https:\/\/apartamentosturisticoseljardin.es\/index.php\/politica-de-privacidad\/#webpage\",\"url\":\"https:\/\/apartamentosturisticoseljardin.es\/index.php\/politica-de-privacidad\/\",\"name\":\"Pol\\u00edtica de Privacidad | Apartamentos El Jard\\u00edn\",\"isPartOf\":{\"@id\":\"https:\/\/apartamentosturisticoseljardin.es\/#website\"},\"datePublished\":\"2020-01-13T13:17:29+00:00\",\"dateModified\":\"2020-02-10T11:09:21+00:00\",\"description\":\"Informamos a los usuarios del sitio web sobre su pol\\u00edtica de privacidad respecto del tratamiento y protecci\\u00f3n de los datos de los usuarios.\",\"inLanguage\":\"es\",\"potentialAction\":[{\"@type\":\"ReadAction\",\"target\":[\"https:\/\/apartamentosturisticoseljardin.es\/index.php\/politica-de-privacidad\/\"]}]}]}<\/script>\n<!-- \/ Yoast SEO plugin. -->","amp_validity":null,"amp_enabled":false,"_links":{"self":[{"href":"https:\/\/apartamentosturisticoseljardin.es\/index.php\/wp-json\/wp\/v2\/pages\/86"}],"collection":[{"href":"https:\/\/apartamentosturisticoseljardin.es\/index.php\/wp-json\/wp\/v2\/pages"}],"about":[{"href":"https:\/\/apartamentosturisticoseljardin.es\/index.php\/wp-json\/wp\/v2\/types\/page"}],"author":[{"embeddable":true,"href":"https:\/\/apartamentosturisticoseljardin.es\/index.php\/wp-json\/wp\/v2\/users\/1"}],"replies":[{"embeddable":true,"href":"https:\/\/apartamentosturisticoseljardin.es\/index.php\/wp-json\/wp\/v2\/comments?post=86"}],"version-history":[{"count":4,"href":"https:\/\/apartamentosturisticoseljardin.es\/index.php\/wp-json\/wp\/v2\/pages\/86\/revisions"}],"predecessor-version":[{"id":155,"href":"https:\/\/apartamentosturisticoseljardin.es\/index.php\/wp-json\/wp\/v2\/pages\/86\/revisions\/155"}],"wp:attachment":[{"href":"https:\/\/apartamentosturisticoseljardin.es\/index.php\/wp-json\/wp\/v2\/media?parent=86"}],"curies":[{"name":"wp","href":"https:\/\/api.w.org\/{rel}","templated":true}]}}